{"id":1334,"date":"2026-03-09T10:20:23","date_gmt":"2026-03-09T10:20:23","guid":{"rendered":"https:\/\/eurohoo.com\/?page_id=1334"},"modified":"2026-03-10T11:27:33","modified_gmt":"2026-03-10T11:27:33","slug":"palautteet","status":"publish","type":"page","link":"https:\/\/eurohoo.com\/?page_id=1334","title":{"rendered":"Palautteet"},"content":{"rendered":"<div data-colibri-id=\"1334-c1\" class=\"style-686 style-local-1334-c1 position-relative\">\n  <!---->\n  <div data-colibri-component=\"section\" data-colibri-id=\"1334-c2\" id=\"testimonials\" class=\"h-section h-section-global-spacing d-flex align-items-lg-center align-items-md-center align-items-center style-687 style-local-1334-c2 position-relative\">\n    <!---->\n    <!---->\n    <div class=\"h-section-grid-container h-section-boxed-container\">\n      <div data-colibri-id=\"1334-c25\" class=\"h-row-container gutters-row-lg-2 gutters-row-md-2 gutters-row-0 gutters-row-v-lg-2 gutters-row-v-md-2 gutters-row-v-2 style-695 style-local-1334-c25 position-relative\">\n        <!---->\n        <div class=\"h-row justify-content-lg-center justify-content-md-center justify-content-center align-items-lg-stretch align-items-md-stretch align-items-stretch gutters-col-lg-2 gutters-col-md-2 gutters-col-0 gutters-col-v-lg-2 gutters-col-v-md-2 gutters-col-v-2\">\n          <!---->\n          <div class=\"h-column h-column-container d-flex h-col-lg-auto h-col-md-auto h-col-auto style-696-outer style-local-1334-c26-outer\">\n            <div data-colibri-id=\"1334-c26\" class=\"d-flex h-flex-basis h-column__inner h-px-lg-2 h-px-md-2 h-px-2 v-inner-lg-2 v-inner-md-2 v-inner-2 style-696 style-local-1334-c26 position-relative\">\n              <!---->\n              <!---->\n              <div class=\"w-100 h-y-container h-column__content h-column__v-align flex-basis-100 align-self-lg-start align-self-md-start align-self-start\">\n                <!---->\n                <div data-colibri-id=\"1334-c27\" class=\"h-global-transition-all h-heading style-697 style-local-1334-c27 position-relative h-element\">\n                  <!---->\n                  <div class=\"h-heading__outer style-697 style-local-1334-c27\">\n                    <!---->\n                    <!---->\n                    <h2 class=\"\">Eerosta sanottua<\/h2>\n                  <\/div>\n                <\/div>\n                <div data-colibri-id=\"1334-c28\" class=\"h-lead h-text h-text-component style-698 style-local-1334-c28 position-relative h-element\">\n                  <!---->\n                  <!---->\n                  <div class=\"\">\n                    <p>Mit\u00e4 yhteisty\u00f6kumppanini ovat minusta lausuneet<\/p>\n                  <\/div>\n                <\/div>\n              <\/div>\n            <\/div>\n          <\/div>\n        <\/div>\n      <\/div>\n      <div data-colibri-id=\"1334-c3\" class=\"h-row-container gutters-row-lg-2 gutters-row-md-2 gutters-row-0 gutters-row-v-lg-2 gutters-row-v-md-2 gutters-row-v-2 style-688 style-local-1334-c3 position-relative\">\n        <!---->\n        <div class=\"h-row justify-content-lg-center justify-content-md-center justify-content-center align-items-lg-stretch align-items-md-stretch align-items-stretch gutters-col-lg-2 gutters-col-md-2 gutters-col-0 gutters-col-v-lg-2 gutters-col-v-md-2 gutters-col-v-2\">\n          <!---->\n          <div class=\"h-column h-column-container d-flex h-col-lg-4 h-col-md-6 h-col-12 style-689-outer style-local-1334-c4-outer\">\n            <div data-colibri-id=\"1334-c4\" class=\"d-flex h-flex-basis h-column__inner h-px-lg-3 h-px-md-3 h-px-3 v-inner-lg-3 v-inner-md-3 v-inner-3 style-689 style-local-1334-c4 position-relative\">\n              <!---->\n              <!---->\n              <div class=\"w-100 h-y-container h-column__content h-column__v-align flex-basis-100 align-self-lg-start align-self-md-start align-self-start\">\n                <!---->\n                <div data-colibri-id=\"1334-c5\" class=\"h-icon style-690 style-local-1334-c5 position-relative h-element\">\n                  <!----><span class=\"h-svg-icon h-icon__icon style-690-icon style-local-1334-c5-icon\"><!--Icon by Font Awesome (https:\/\/fontawesome.com)-->\n    <svg version=\"1.1\" xmlns=\"http:\/\/www.w3.org\/2000\/svg\" xmlns:xlink=\"http:\/\/www.w3.org\/1999\/xlink\" id=\"quote-right\" viewBox=\"0 0 1664 1896.0833\">\n      <path d=\"M768 320v704q0 104-40.5 198.5T618 1386t-163.5 109.5T256 1536h-64q-26 0-45-19t-19-45v-128q0-26 19-45t45-19h64q106 0 181-75t75-181v-32q0-40-28-68t-68-28H192q-80 0-136-56T0 704V320q0-80 56-136t136-56h384q80 0 136 56t56 136zm896 0v704q0 104-40.5 198.5T1514 1386t-163.5 109.5T1152 1536h-64q-26 0-45-19t-19-45v-128q0-26 19-45t45-19h64q106 0 181-75t75-181v-32q0-40-28-68t-68-28h-224q-80 0-136-56t-56-136V320q0-80 56-136t136-56h384q80 0 136 56t56 136z\"><\/path>\n    <\/svg><\/span><\/div>\n                <div data-colibri-id=\"1334-c6\" class=\"h-text h-text-component style-691 style-local-1334-c6 position-relative h-element\">\n                  <!---->\n                  <!---->\n                  <div class=\"\">\n                    <p><span style=\"font-weight: 400; font-size: 16px; font-family: &quot;Didact Gothic&quot;; color: rgb(113, 113, 117);\">Aikas hulvattoman hauska persoona. Kepeyden ja hassuttelun alla syvi\u00e4 tunteita el\u00e4m\u00e4st\u00e4 ja kokemuksista.<\/span><\/p>\n                  <\/div>\n                <\/div>\n                <div data-colibri-id=\"1334-c8\" class=\"h-global-transition-all h-heading style-693 style-local-1334-c8 position-relative h-element\">\n                  <!---->\n                  <div class=\"h-heading__outer style-693 style-local-1334-c8\">\n                    <!---->\n                    <!---->\n                    <h5 class=\"\">Yleis\u00f6palaute<\/h5>\n                  <\/div>\n                <\/div>\n                <div data-colibri-id=\"1334-c9\" class=\"h-text h-text-component style-694 style-local-1334-c9 position-relative h-element\">\n                  <!---->\n                  <!---->\n                  <div class=\"\">\n                    <p>Keynote-puheenvuoro<\/p>\n                  <\/div>\n                <\/div>\n              <\/div>\n            <\/div>\n          <\/div>\n          <div class=\"h-column h-column-container d-flex h-col-lg-4 h-col-md-6 h-col-12 style-689-outer style-local-1334-c10-outer\">\n            <div data-colibri-id=\"1334-c10\" class=\"d-flex h-flex-basis h-column__inner h-px-lg-3 h-px-md-3 h-px-3 v-inner-lg-3 v-inner-md-3 v-inner-3 style-689 style-local-1334-c10 position-relative\">\n              <!---->\n              <!---->\n              <div class=\"w-100 h-y-container h-column__content h-column__v-align flex-basis-100 align-self-lg-start align-self-md-start align-self-start\">\n                <!---->\n                <div data-colibri-id=\"1334-c11\" class=\"h-icon style-690 style-local-1334-c11 position-relative h-element\">\n                  <!----><span class=\"h-svg-icon h-icon__icon style-690-icon style-local-1334-c11-icon\"><!--Icon by Font Awesome (https:\/\/fontawesome.com)-->\n    <svg version=\"1.1\" xmlns=\"http:\/\/www.w3.org\/2000\/svg\" xmlns:xlink=\"http:\/\/www.w3.org\/1999\/xlink\" id=\"quote-right\" viewBox=\"0 0 1664 1896.0833\">\n      <path d=\"M768 320v704q0 104-40.5 198.5T618 1386t-163.5 109.5T256 1536h-64q-26 0-45-19t-19-45v-128q0-26 19-45t45-19h64q106 0 181-75t75-181v-32q0-40-28-68t-68-28H192q-80 0-136-56T0 704V320q0-80 56-136t136-56h384q80 0 136 56t56 136zm896 0v704q0 104-40.5 198.5T1514 1386t-163.5 109.5T1152 1536h-64q-26 0-45-19t-19-45v-128q0-26 19-45t45-19h64q106 0 181-75t75-181v-32q0-40-28-68t-68-28h-224q-80 0-136-56t-56-136V320q0-80 56-136t136-56h384q80 0 136 56t56 136z\"><\/path>\n    <\/svg><\/span><\/div>\n                <div data-colibri-id=\"1334-c12\" class=\"h-text h-text-component style-691 style-local-1334-c12 position-relative h-element\">\n                  <!---->\n                  <!---->\n                  <div class=\"\">\n                    <p><span style=\"font-weight: 400; font-size: 16px; font-family: &quot;Didact Gothic&quot;; color: rgb(113, 113, 117);\">Huikea persoona ja el\u00e4v\u00e4 esimerkki siit\u00e4, miten kaikki el\u00e4m\u00e4ss\u00e4 on mahdollista, jos vain haluaa.<\/span><\/p>\n                  <\/div>\n                <\/div>\n                <div data-colibri-id=\"1334-c14\" class=\"h-global-transition-all h-heading style-693 style-local-1334-c14 position-relative h-element\">\n                  <!---->\n                  <div class=\"h-heading__outer style-693 style-local-1334-c14\">\n                    <!---->\n                    <!---->\n                    <h5 class=\"\">Opettajan palaute<\/h5>\n                  <\/div>\n                <\/div>\n                <div data-colibri-id=\"1334-c15\" class=\"h-text h-text-component style-694 style-local-1334-c15 position-relative h-element\">\n                  <!---->\n                  <!---->\n                  <div class=\"\">\n                    <p>Oppilaitosvierailu<\/p>\n                  <\/div>\n                <\/div>\n              <\/div>\n            <\/div>\n          <\/div>\n          <div class=\"h-column h-column-container d-flex h-col-lg-4 h-col-md-6 h-col-12 style-689-outer style-local-1334-c16-outer\">\n            <div data-colibri-id=\"1334-c16\" class=\"d-flex h-flex-basis h-column__inner h-px-lg-3 h-px-md-3 h-px-3 v-inner-lg-3 v-inner-md-3 v-inner-3 style-689 style-local-1334-c16 position-relative\">\n              <!---->\n              <!---->\n              <div class=\"w-100 h-y-container h-column__content h-column__v-align flex-basis-100 align-self-lg-start align-self-md-start align-self-start\">\n                <!---->\n                <div data-colibri-id=\"1334-c17\" class=\"h-icon style-690 style-local-1334-c17 position-relative h-element\">\n                  <!----><span class=\"h-svg-icon h-icon__icon style-690-icon style-local-1334-c17-icon\"><!--Icon by Font Awesome (https:\/\/fontawesome.com)-->\n    <svg version=\"1.1\" xmlns=\"http:\/\/www.w3.org\/2000\/svg\" xmlns:xlink=\"http:\/\/www.w3.org\/1999\/xlink\" id=\"quote-right\" viewBox=\"0 0 1664 1896.0833\">\n      <path d=\"M768 320v704q0 104-40.5 198.5T618 1386t-163.5 109.5T256 1536h-64q-26 0-45-19t-19-45v-128q0-26 19-45t45-19h64q106 0 181-75t75-181v-32q0-40-28-68t-68-28H192q-80 0-136-56T0 704V320q0-80 56-136t136-56h384q80 0 136 56t56 136zm896 0v704q0 104-40.5 198.5T1514 1386t-163.5 109.5T1152 1536h-64q-26 0-45-19t-19-45v-128q0-26 19-45t45-19h64q106 0 181-75t75-181v-32q0-40-28-68t-68-28h-224q-80 0-136-56t-56-136V320q0-80 56-136t136-56h384q80 0 136 56t56 136z\"><\/path>\n    <\/svg><\/span><\/div>\n                <div data-colibri-id=\"1334-c18\" class=\"h-text h-text-component style-691 style-local-1334-c18 position-relative h-element\">\n                  <!---->\n                  <!---->\n                  <div class=\"\">\n                    <p><span style=\"font-weight: 400; font-size: 16px; font-family: &quot;Didact Gothic&quot;; color: rgb(113, 113, 117);\">Puhutteleva esiintyminen, joka pakotti uudelleenarvioimaan omia ajattelumalleja.<\/span><\/p>\n                  <\/div>\n                <\/div>\n                <div data-colibri-id=\"1334-c20\" class=\"h-global-transition-all h-heading style-693 style-local-1334-c20 position-relative h-element\">\n                  <!---->\n                  <div class=\"h-heading__outer style-693 style-local-1334-c20\">\n                    <!---->\n                    <!---->\n                    <h5 class=\"\">Yleis\u00f6palaute<\/h5>\n                  <\/div>\n                <\/div>\n                <div data-colibri-id=\"1334-c21\" class=\"h-text h-text-component style-694 style-local-1334-c21 position-relative h-element\">\n                  <!---->\n                  <!---->\n                  <div class=\"\">\n                    <p>Keynote-puheenvuoro<\/p>\n                  <\/div>\n                <\/div>\n              <\/div>\n            <\/div>\n          <\/div>\n        <\/div>\n      <\/div>\n      <div data-colibri-id=\"1334-c22\" class=\"h-row-container gutters-row-lg-2 gutters-row-md-2 gutters-row-0 gutters-row-v-lg-2 gutters-row-v-md-2 gutters-row-v-2 style-715 style-local-1334-c22 position-relative\">\n        <!---->\n        <div class=\"h-row justify-content-lg-center justify-content-md-center justify-content-center align-items-lg-stretch align-items-md-stretch align-items-stretch gutters-col-lg-2 gutters-col-md-2 gutters-col-0 gutters-col-v-lg-2 gutters-col-v-md-2 gutters-col-v-2\">\n          <!---->\n          <div class=\"h-column h-column-container d-flex h-col-lg-auto h-col-md-auto h-col-auto style-716-outer style-local-1334-c23-outer\">\n            <div data-colibri-id=\"1334-c23\" class=\"d-flex h-flex-basis h-column__inner h-px-lg-2 h-px-md-2 h-px-2 v-inner-lg-2 v-inner-md-2 v-inner-2 style-716 style-local-1334-c23 position-relative\">\n              <!---->\n              <!---->\n              <div class=\"w-100 h-y-container h-column__content h-column__v-align flex-basis-100 align-self-lg-start align-self-md-start align-self-start\">\n                <!---->\n                <div data-colibri-id=\"1334-c24\" class=\"h-divider style-714 style-local-1334-c24 position-relative h-element\">\n                  <!----><span class=\"h-divider__line style-714-line style-local-1334-c24-line style-714-line style-local-1334-c24-line\"><\/span> <span class=\"h-svg-icon h-divider__icon style-714-icon style-local-1334-c24-icon\"><!--Icon by Font Awesome (https:\/\/fontawesome.com)-->\n    <svg version=\"1.1\" xmlns=\"http:\/\/www.w3.org\/2000\/svg\" xmlns:xlink=\"http:\/\/www.w3.org\/1999\/xlink\" id=\"star\" viewBox=\"0 0 1664 1896.0833\">\n      <path d=\"M1664 647q0 22-26 48l-363 354 86 500q1 7 1 20 0 21-10.5 35.5T1321 1619q-19 0-40-12l-449-236-449 236q-22 12-40 12-21 0-31.5-14.5T301 1569q0-6 2-20l86-500L25 695Q0 668 0 647q0-37 56-46l502-73L783 73q19-41 49-41t49 41l225 455 502 73q56 9 56 46z\"><\/path>\n    <\/svg><\/span> <span class=\"h-divider__line style-714-line style-local-1334-c24-line style-714-line style-local-1334-c24-line\"><\/span><\/div>\n              <\/div>\n            <\/div>\n          <\/div>\n        <\/div>\n      <\/div>\n    <\/div>\n  <\/div>\n  <div data-colibri-component=\"section\" data-colibri-id=\"1334-c33\" id=\"cta\" class=\"h-section h-section-global-spacing d-flex align-items-lg-center align-items-md-center align-items-center style-765 style-local-1334-c33 position-relative\">\n    <!---->\n    <!---->\n    <div class=\"h-section-grid-container h-section-boxed-container\">\n      <!---->\n      <div data-colibri-id=\"1334-c34\" class=\"h-row-container gutters-row-lg-2 gutters-row-md-2 gutters-row-0 gutters-row-v-lg-2 gutters-row-v-md-2 gutters-row-v-2 style-766 style-local-1334-c34 position-relative\">\n        <!---->\n        <div class=\"h-row justify-content-lg-center justify-content-md-center justify-content-center align-items-lg-stretch align-items-md-stretch align-items-stretch gutters-col-lg-2 gutters-col-md-2 gutters-col-0 gutters-col-v-lg-2 gutters-col-v-md-2 gutters-col-v-2\">\n          <!---->\n          <div class=\"h-column h-column-container d-flex h-col-lg h-col-md h-col-auto style-767-outer style-local-1334-c35-outer\">\n            <div data-colibri-id=\"1334-c35\" class=\"d-flex h-flex-basis h-column__inner h-px-lg-0 h-px-md-0 h-px-2 v-inner-lg-0 v-inner-md-0 v-inner-2 style-767 style-local-1334-c35 position-relative\">\n              <!---->\n              <!---->\n              <div class=\"w-100 h-y-container h-column__content h-column__v-align flex-basis-100 align-self-lg-center align-self-md-center align-self-center\">\n                <!---->\n                <div data-colibri-id=\"1334-c36\" class=\"h-global-transition-all h-heading style-768 style-local-1334-c36 position-relative h-element\">\n                  <!---->\n                  <div class=\"h-heading__outer style-768 style-local-1334-c36\">\n                    <!---->\n                    <!---->\n                    <h2 class=\"\">Sano el\u00e4m\u00e4lle <strong><em>kyll\u00e4!<\/em><\/strong><\/h2>\n                  <\/div>\n                <\/div>\n              <\/div>\n            <\/div>\n          <\/div>\n          <div class=\"h-column h-column-container d-flex h-col-lg-auto h-col-md-auto h-col-auto style-769-outer style-local-1334-c37-outer\">\n            <div data-colibri-id=\"1334-c37\" class=\"d-flex h-flex-basis h-column__inner h-px-lg-0 h-px-md-0 h-px-2 v-inner-lg-0 v-inner-md-0 v-inner-2 style-769 style-local-1334-c37 position-relative\">\n              <!---->\n              <!---->\n              <div class=\"w-100 h-y-container h-column__content h-column__v-align flex-basis-auto align-self-lg-center align-self-md-center align-self-center\">\n                <!---->\n                <div data-colibri-id=\"1334-c38\" class=\"h-x-container style-770 style-local-1334-c38 position-relative h-element\">\n                  <!---->\n                  <div class=\"h-x-container-inner style-dynamic-1334-c38-group style-770-spacing style-local-1334-c38-spacing\"><span class=\"h-button__outer style-771-outer style-local-1334-c39-outer d-inline-flex h-element\"><a h-use-smooth-scroll=\"true\" href=\"https:\/\/eurohoo.com\/?page_id=97\"  data-colibri-id=\"1334-c39\" class=\"d-flex w-100 align-items-center h-button justify-content-lg-center justify-content-md-center justify-content-center style-771 style-local-1334-c39 position-relative\"><!----><!----> <span>Aloita t\u00e4st\u00e4<\/span><\/a>\n                    <\/span>\n                  <\/div>\n                <\/div>\n              <\/div>\n            <\/div>\n          <\/div>\n        <\/div>\n      <\/div>\n    <\/div>\n  <\/div>\n<\/div>","protected":false},"excerpt":{"rendered":"<p>Eerosta sanottua Mit\u00e4 yhteisty\u00f6kumppanini ovat minusta lausuneet Aikas hulvattoman hauska persoona. Kepeyden ja [&hellip;]<\/p>\n","protected":false},"author":1,"featured_media":0,"parent":0,"menu_order":4,"comment_status":"closed","ping_status":"closed","template":"page-templates\/full-width-page.php","meta":{"pagelayer_contact_templates":[],"_pagelayer_content":"","footnotes":""},"class_list":["post-1334","page","type-page","status-publish","hentry"],"_links":{"self":[{"href":"https:\/\/eurohoo.com\/index.php?rest_route=\/wp\/v2\/pages\/1334","targetHints":{"allow":["GET"]}}],"collection":[{"href":"https:\/\/eurohoo.com\/index.php?rest_route=\/wp\/v2\/pages"}],"about":[{"href":"https:\/\/eurohoo.com\/index.php?rest_route=\/wp\/v2\/types\/page"}],"author":[{"embeddable":true,"href":"https:\/\/eurohoo.com\/index.php?rest_route=\/wp\/v2\/users\/1"}],"replies":[{"embeddable":true,"href":"https:\/\/eurohoo.com\/index.php?rest_route=%2Fwp%2Fv2%2Fcomments&post=1334"}],"version-history":[{"count":11,"href":"https:\/\/eurohoo.com\/index.php?rest_route=\/wp\/v2\/pages\/1334\/revisions"}],"predecessor-version":[{"id":1795,"href":"https:\/\/eurohoo.com\/index.php?rest_route=\/wp\/v2\/pages\/1334\/revisions\/1795"}],"wp:attachment":[{"href":"https:\/\/eurohoo.com\/index.php?rest_route=%2Fwp%2Fv2%2Fmedia&parent=1334"}],"curies":[{"name":"wp","href":"https:\/\/api.w.org\/{rel}","templated":true}]}}