{"id":1392,"date":"2026-03-09T10:58:01","date_gmt":"2026-03-09T10:58:01","guid":{"rendered":"https:\/\/eurohoo.com\/?page_id=1392"},"modified":"2026-03-09T11:20:39","modified_gmt":"2026-03-09T11:20:39","slug":"hinnasto","status":"publish","type":"page","link":"https:\/\/eurohoo.com\/?page_id=1392","title":{"rendered":"Hinnasto"},"content":{"rendered":"<div data-colibri-id=\"1392-c1\" class=\"style-647 style-local-1392-c1 position-relative\">\n  <!---->\n  <div data-colibri-component=\"section\" data-colibri-id=\"1392-c14\" id=\"features\" class=\"h-section h-section-global-spacing d-flex align-items-lg-center align-items-md-center align-items-center style-660 style-local-1392-c14 position-relative\">\n    <!---->\n    <!---->\n    <div class=\"h-section-grid-container h-section-boxed-container\">\n      <div data-colibri-id=\"1392-c40\" class=\"h-row-container gutters-row-lg-2 gutters-row-md-2 gutters-row-0 gutters-row-v-lg-2 gutters-row-v-md-2 gutters-row-v-2 style-668 style-local-1392-c40 position-relative\">\n        <!---->\n        <div class=\"h-row justify-content-lg-center justify-content-md-center justify-content-center align-items-lg-stretch align-items-md-stretch align-items-stretch gutters-col-lg-2 gutters-col-md-2 gutters-col-0 gutters-col-v-lg-2 gutters-col-v-md-2 gutters-col-v-2\">\n          <!---->\n          <div class=\"h-column h-column-container d-flex h-col-lg-auto h-col-md-auto h-col-auto style-669-outer style-local-1392-c41-outer\">\n            <div data-colibri-id=\"1392-c41\" class=\"d-flex h-flex-basis h-column__inner h-px-lg-2 h-px-md-2 h-px-2 v-inner-lg-2 v-inner-md-2 v-inner-2 style-669 style-local-1392-c41 position-relative\">\n              <!---->\n              <!---->\n              <div class=\"w-100 h-y-container h-column__content h-column__v-align flex-basis-100 align-self-lg-start align-self-md-start align-self-start\">\n                <!---->\n                <div data-colibri-id=\"1392-c42\" class=\"h-global-transition-all h-heading style-670 style-local-1392-c42 position-relative h-element\">\n                  <!---->\n                  <div class=\"h-heading__outer style-670 style-local-1392-c42\">\n                    <!---->\n                    <!---->\n                    <h2 class=\"\">Hinnasto \u2013 esimerkkirunko<\/h2>\n                  <\/div>\n                <\/div>\n                <div data-colibri-id=\"1392-c43\" class=\"h-lead h-text h-text-component style-671 style-local-1392-c43 position-relative h-element\">\n                  <!---->\n                  <!---->\n                  <div class=\"\">\n                    <p>Puheenvuorot ja esiintymiset suunnitellaan aina tilaisuuden tarpeen mukaan. Alla ohjeelliset hinnat yleisimmille kokonaisuuksille.<\/p>\n                  <\/div>\n                <\/div>\n              <\/div>\n            <\/div>\n          <\/div>\n        <\/div>\n      <\/div>\n      <div data-colibri-id=\"1392-c15\" class=\"h-row-container gutters-row-lg-2 gutters-row-md-2 gutters-row-2 gutters-row-v-lg-2 gutters-row-v-md-2 gutters-row-v-2 style-661 style-local-1392-c15 position-relative\">\n        <!---->\n        <div class=\"h-row justify-content-lg-center justify-content-md-center justify-content-center align-items-lg-stretch align-items-md-stretch align-items-stretch gutters-col-lg-2 gutters-col-md-2 gutters-col-2 gutters-col-v-lg-2 gutters-col-v-md-2 gutters-col-v-2\">\n          <!---->\n          <div class=\"h-column h-column-container d-flex h-col-lg-3 h-col-md-6 h-col-12 style-662-outer style-local-1392-c16-outer\">\n            <div data-colibri-id=\"1392-c16\" class=\"d-flex h-flex-basis h-column__inner h-px-lg-3 h-px-md-3 h-px-2 v-inner-lg-3 v-inner-md-3 v-inner-2 style-662 style-local-1392-c16 position-relative\">\n              <!---->\n              <!---->\n              <div class=\"w-100 h-y-container h-column__content h-column__v-align flex-basis-100 align-self-lg-center align-self-md-center align-self-center\">\n                <!---->\n                <div data-colibri-id=\"1392-c17\" class=\"h-icon style-663 style-local-1392-c17 position-relative h-element\">\n                  <!----><span class=\"h-svg-icon h-icon__icon style-663-icon style-local-1392-c17-icon\"><!--Icon by Font Awesome (https:\/\/fontawesome.com)-->\n    <svg version=\"1.1\" xmlns=\"http:\/\/www.w3.org\/2000\/svg\" xmlns:xlink=\"http:\/\/www.w3.org\/1999\/xlink\" id=\"leanpub\" viewBox=\"0 0 2048 1896.0833\">\n      <path d=\"M1893 392l155 1272q-131 0-257-57-200-91-393-91-226 0-374 148-148-148-374-148-193 0-393 91-128 57-252 57H0L155 392q224-127 482-127 233 0 387 106 154-106 387-106 258 0 482 127zm-495 987q129 0 232 28.5t260 93.5L1766 480q-171-78-368-78-224 0-374 141-150-141-374-141-197 0-368 78L158 1501q105-43 165.5-65t148.5-39.5 178-17.5q202 0 374 108 172-108 374-108zm40-34l-55-907q-211 4-359 155-152-155-374-155-176 0-336 66l-114 941q124-51 228.5-76t221.5-25q209 0 374 102 172-107 374-102z\"><\/path>\n    <\/svg><\/span><\/div>\n                <div data-colibri-id=\"1392-c18\" class=\"h-global-transition-all h-heading style-664 style-local-1392-c18 position-relative h-element\">\n                  <!---->\n                  <div class=\"h-heading__outer style-664 style-local-1392-c18\">\n                    <!---->\n                    <!---->\n                    <h4 class=\"\">Oppilaitokset<\/h4>\n                  <\/div>\n                <\/div>\n                <div data-colibri-id=\"1392-c19\" class=\"h-text h-text-component style-665 style-local-1392-c19 position-relative h-element\">\n                  <!---->\n                  <!---->\n                  <div class=\"\">\n                    <p>Yksitt\u00e4inen oppitunti \/ vierailu\n                      <br>45\u201360 min\n                      <br><strong>800 \u20ac<\/strong><\/p>\n                    <p>2 esiintymist\u00e4 saman p\u00e4iv\u00e4n aikana\n                      <br><strong>1100 \u20ac<\/strong><\/p>\n                    <p>3 esiintymist\u00e4 saman p\u00e4iv\u00e4n aikana\n                      <br><strong>1400 \u20ac<\/strong><\/p>\n                    <p>Teemap\u00e4iv\u00e4 koululle\n                      <br><strong>1600 \u20ac<\/strong><\/p>\n                    <p>Laajempi koko koulun p\u00e4iv\u00e4\n                      <br><strong>1800\u20132000 \u20ac<\/strong><\/p>\n                    <p>\n                      <br>\n                    <\/p>\n                  <\/div>\n                <\/div>\n                <div data-colibri-id=\"1392-c20\" class=\"h-x-container style-666 style-local-1392-c20 position-relative h-element\">\n                  <!---->\n                  <div class=\"h-x-container-inner style-dynamic-1392-c20-group style-666-spacing style-local-1392-c20-spacing\"><span class=\"h-button__outer style-667-outer style-local-1392-c21-outer d-inline-flex h-element\"><a h-use-smooth-scroll=\"true\" href=\"https:\/\/eurohoo.com\/?page_id=795\"  data-colibri-id=\"1392-c21\" class=\"d-flex w-100 align-items-center h-button justify-content-lg-center justify-content-md-center justify-content-center style-667 style-local-1392-c21 position-relative\"><!----><!----> <span>Lue lis\u00e4\u00e4<\/span><\/a>\n                    <\/span>\n                  <\/div>\n                <\/div>\n              <\/div>\n            <\/div>\n          <\/div>\n          <div class=\"h-column h-column-container d-flex h-col-lg-3 h-col-md-6 h-col-12 style-662-outer style-local-1392-c22-outer\">\n            <div data-colibri-id=\"1392-c22\" class=\"d-flex h-flex-basis h-column__inner h-px-lg-3 h-px-md-3 h-px-2 v-inner-lg-3 v-inner-md-3 v-inner-2 style-662 style-local-1392-c22 position-relative\">\n              <!---->\n              <!---->\n              <div class=\"w-100 h-y-container h-column__content h-column__v-align flex-basis-100 align-self-lg-center align-self-md-center align-self-center\">\n                <!---->\n                <div data-colibri-id=\"1392-c23\" class=\"h-icon style-663 style-local-1392-c23 position-relative h-element\">\n                  <!----><span class=\"h-svg-icon h-icon__icon style-663-icon style-local-1392-c23-icon\"><!--Icon by Font Awesome (https:\/\/fontawesome.com)-->\n    <svg version=\"1.1\" xmlns=\"http:\/\/www.w3.org\/2000\/svg\" xmlns:xlink=\"http:\/\/www.w3.org\/1999\/xlink\" id=\"group\" viewBox=\"0 0 1920 1896.0833\">\n      <path d=\"M593 896q-162 5-265 128H194q-82 0-138-40.5T0 865q0-353 124-353 6 0 43.5 21t97.5 42.5T384 597q67 0 133-23-5 37-5 66 0 139 81 256zm1071 637q0 120-73 189.5t-194 69.5H523q-121 0-194-69.5T256 1533q0-53 3.5-103.5t14-109T300 1212t43-97.5 62-81 85.5-53.5T602 960q10 0 43 21.5t73 48 107 48 135 21.5 135-21.5 107-48 73-48 43-21.5q61 0 111.5 20t85.5 53.5 62 81 43 97.5 26.5 108.5 14 109 3.5 103.5zM640 256q0 106-75 181t-181 75-181-75-75-181 75-181T384 0t181 75 75 181zm704 384q0 159-112.5 271.5T960 1024 688.5 911.5 576 640t112.5-271.5T960 256t271.5 112.5T1344 640zm576 225q0 78-56 118.5t-138 40.5h-134q-103-123-265-128 81-117 81-256 0-29-5-66 66 23 133 23 59 0 119-21.5t97.5-42.5 43.5-21q124 0 124 353zm-128-609q0 106-75 181t-181 75-181-75-75-181 75-181 181-75 181 75 75 181z\"><\/path>\n    <\/svg><\/span><\/div>\n                <div data-colibri-id=\"1392-c24\" class=\"h-global-transition-all h-heading style-664 style-local-1392-c24 position-relative h-element\">\n                  <!---->\n                  <div class=\"h-heading__outer style-664 style-local-1392-c24\">\n                    <!---->\n                    <!---->\n                    <h4 class=\"\">Yritykset ja yhteis\u00f6t<\/h4>\n                  <\/div>\n                <\/div>\n                <div data-colibri-id=\"1392-c25\" class=\"h-text h-text-component style-665 style-local-1392-c25 position-relative h-element\">\n                  <!---->\n                  <!---->\n                  <div class=\"\">\n                    <p>Inspiroiva keynote-puheenvuoro\n                      <br>30\u201360 min\n                      <br><strong>alkaen 1600 \u20ac<\/strong><\/p>\n                    <p>Keynote + keskusteluosuus\n                      <br><strong>1800\u20132200 \u20ac<\/strong><\/p>\n                    <p>R\u00e4\u00e4t\u00e4l\u00f6idyt kokonaisuudet sovitaan erikseen.<\/p>\n                    <p>\n                      <br>\n                    <\/p>\n                  <\/div>\n                <\/div>\n                <div data-colibri-id=\"1392-c26\" class=\"h-x-container style-666 style-local-1392-c26 position-relative h-element\">\n                  <!---->\n                  <div class=\"h-x-container-inner style-dynamic-1392-c26-group style-666-spacing style-local-1392-c26-spacing\"><span class=\"h-button__outer style-667-outer style-local-1392-c27-outer d-inline-flex h-element\"><a h-use-smooth-scroll=\"true\" href=\"https:\/\/eurohoo.com\/?page_id=797\"  data-colibri-id=\"1392-c27\" class=\"d-flex w-100 align-items-center h-button justify-content-lg-center justify-content-md-center justify-content-center style-667 style-local-1392-c27 position-relative\"><!----><!----> <span>Lue lis\u00e4\u00e4<\/span><\/a>\n                    <\/span>\n                  <\/div>\n                <\/div>\n              <\/div>\n            <\/div>\n          <\/div>\n          <div class=\"h-column h-column-container d-flex h-col-lg-3 h-col-md-6 h-col-12 style-662-outer style-local-1392-c28-outer\">\n            <div data-colibri-id=\"1392-c28\" class=\"d-flex h-flex-basis h-column__inner h-px-lg-3 h-px-md-3 h-px-2 v-inner-lg-3 v-inner-md-3 v-inner-2 style-662 style-local-1392-c28 position-relative\">\n              <!---->\n              <!---->\n              <div class=\"w-100 h-y-container h-column__content h-column__v-align flex-basis-100 align-self-lg-center align-self-md-center align-self-center\">\n                <!---->\n                <div data-colibri-id=\"1392-c29\" class=\"h-icon style-663 style-local-1392-c29 position-relative h-element\">\n                  <!----><span class=\"h-svg-icon h-icon__icon style-663-icon style-local-1392-c29-icon\"><!--Icon by Font Awesome (https:\/\/fontawesome.com)-->\n    <svg version=\"1.1\" xmlns=\"http:\/\/www.w3.org\/2000\/svg\" xmlns:xlink=\"http:\/\/www.w3.org\/1999\/xlink\" id=\"microphone\" viewBox=\"0 0 1246.5988 1896.0833\">\n      <path d=\"M1152 704v128q0 221-147.5 384.5T640 1404v132h256q26 0 45 19t19 45-19 45-45 19H256q-26 0-45-19t-19-45 19-45 45-19h256v-132q-217-24-364.5-187.5T0 832V704q0-26 19-45t45-19 45 19 19 45v128q0 185 131.5 316.5T576 1280t316.5-131.5T1024 832V704q0-26 19-45t45-19 45 19 19 45zM896 320v512q0 132-94 226t-226 94-226-94-94-226V320q0-132 94-226T576 0t226 94 94 226z\"><\/path>\n    <\/svg><\/span><\/div>\n                <div data-colibri-id=\"1392-c30\" class=\"h-global-transition-all h-heading style-664 style-local-1392-c30 position-relative h-element\">\n                  <!---->\n                  <div class=\"h-heading__outer style-664 style-local-1392-c30\">\n                    <!---->\n                    <!---->\n                    <h4 class=\"\">tapahumat ja juonnot<\/h4>\n                  <\/div>\n                <\/div>\n                <div data-colibri-id=\"1392-c31\" class=\"h-text h-text-component style-665 style-local-1392-c31 position-relative h-element\">\n                  <!---->\n                  <!---->\n                  <div class=\"\">\n                    <p>Juonto tapahtumaan\n                      <br><strong>alkaen 1600 \u20ac<\/strong><\/p>\n                    <p>Inspiroiva puheenvuoro tapahtumaan\n                      <br><strong>alkaen 1600 \u20ac<\/strong><\/p>\n                    <p>Juonto + puheenvuoro\n                      <br><strong>alkaen 2000 \u20ac<\/strong><\/p>\n                    <p>\n                      <br>\n                    <\/p>\n                  <\/div>\n                <\/div>\n                <div data-colibri-id=\"1392-c32\" class=\"h-x-container style-666 style-local-1392-c32 position-relative h-element\">\n                  <!---->\n                  <div class=\"h-x-container-inner style-dynamic-1392-c32-group style-666-spacing style-local-1392-c32-spacing\"><span class=\"h-button__outer style-667-outer style-local-1392-c33-outer d-inline-flex h-element\"><a h-use-smooth-scroll=\"true\" href=\"https:\/\/eurohoo.com\/?page_id=799\"  data-colibri-id=\"1392-c33\" class=\"d-flex w-100 align-items-center h-button justify-content-lg-center justify-content-md-center justify-content-center style-667 style-local-1392-c33 position-relative\"><!----><!----> <span>Lue lis\u00e4\u00e4<\/span><\/a>\n                    <\/span>\n                  <\/div>\n                <\/div>\n              <\/div>\n            <\/div>\n          <\/div>\n          <div class=\"h-column h-column-container d-flex h-col-lg-3 h-col-md-6 h-col-12 style-662-outer style-local-1392-c34-outer\">\n            <div data-colibri-id=\"1392-c34\" class=\"d-flex h-flex-basis h-column__inner h-px-lg-3 h-px-md-3 h-px-2 v-inner-lg-3 v-inner-md-3 v-inner-2 style-662 style-local-1392-c34 position-relative\">\n              <!---->\n              <!---->\n              <div class=\"w-100 h-y-container h-column__content h-column__v-align flex-basis-100 align-self-lg-center align-self-md-center align-self-center\">\n                <!---->\n                <div data-colibri-id=\"1392-c35\" class=\"h-icon style-663 style-local-1392-c35 position-relative h-element\">\n                  <!----><span class=\"h-svg-icon h-icon__icon style-663-icon style-local-1392-c35-icon\"><!--Icon by Font Awesome (https:\/\/fontawesome.com)-->\n    <svg version=\"1.1\" xmlns=\"http:\/\/www.w3.org\/2000\/svg\" xmlns:xlink=\"http:\/\/www.w3.org\/1999\/xlink\" id=\"question\" viewBox=\"0 0 1057.2116 1896.0833\">\n      <path d=\"M704 1256v240q0 16-12 28t-28 12H424q-16 0-28-12t-12-28v-240q0-16 12-28t28-12h240q16 0 28 12t12 28zm316-600q0 54-15.5 101t-35 76.5-55 59.5-57.5 43.5-61 35.5q-41 23-68.5 65t-27.5 67q0 17-12 32.5t-28 15.5H420q-15 0-25.5-18.5T384 1096v-45q0-83 65-156.5T592 786q59-27 84-56t25-76q0-42-46.5-74T547 548q-65 0-108 29-35 25-107 115-13 16-31 16-12 0-25-8L112 575q-13-10-15.5-25t5.5-28q160-266 464-266 80 0 161 31t146 83 106 127.5 41 158.5z\"><\/path>\n    <\/svg><\/span><\/div>\n                <div data-colibri-id=\"1392-c36\" class=\"h-global-transition-all h-heading style-664 style-local-1392-c36 position-relative h-element\">\n                  <!---->\n                  <div class=\"h-heading__outer style-664 style-local-1392-c36\">\n                    <!---->\n                    <!---->\n                    <h4 class=\"\">Lis\u00e4tiedot<\/h4>\n                  <\/div>\n                <\/div>\n                <div data-colibri-id=\"1392-c37\" class=\"h-text h-text-component style-665 style-local-1392-c37 position-relative h-element\">\n                  <!---->\n                  <!---->\n                  <div class=\"\">\n                    <p>Matkakulut sovitaan tapahtumapaikan mukaan.<\/p>\n                    <p>Kaikki puheenvuorot ja vierailut voidaan r\u00e4\u00e4t\u00e4l\u00f6id\u00e4 tapahtuman, organisaation tai oppilaitoksen tarpeisiin.<\/p>\n                    <p><strong>Eero Herranen<\/strong><strong style=\"color: rgb(113, 113, 117); font-family: &quot;Didact Gothic&quot;; font-size: 16px; font-weight: 400;\"><br><\/strong><span style=\"color: rgb(113, 113, 117); font-family: &quot;Didact Gothic&quot;; font-size: 16px; font-weight: 400;\">Puhelin: +358 (0)45 275 6277<\/span>\n                      <br><span style=\"color: rgb(113, 113, 117); font-family: &quot;Didact Gothic&quot;; font-size: 16px; font-weight: 400;\">S-posti: eero (at) eurohoo.com<\/span><\/p>\n                    <p>\n                      <br>\n                    <\/p>\n                  <\/div>\n                <\/div>\n                <div data-colibri-id=\"1392-c38\" class=\"h-x-container style-666 style-local-1392-c38 position-relative h-element\">\n                  <!---->\n                  <div class=\"h-x-container-inner style-dynamic-1392-c38-group style-666-spacing style-local-1392-c38-spacing\"><span class=\"h-button__outer style-667-outer style-local-1392-c39-outer d-inline-flex h-element\"><a h-use-smooth-scroll=\"true\" href=\"\"  data-colibri-id=\"1392-c39\" class=\"d-flex w-100 align-items-center h-button justify-content-lg-center justify-content-md-center justify-content-center style-667 style-local-1392-c39 position-relative\"><!----><!----> <span>Ota yhteytt\u00e4<\/span><\/a>\n                    <\/span>\n                  <\/div>\n                <\/div>\n              <\/div>\n            <\/div>\n          <\/div>\n        <\/div>\n      <\/div>\n    <\/div>\n  <\/div>\n  <div data-colibri-component=\"section\" data-colibri-id=\"1392-c44\" id=\"cta\" class=\"h-section h-section-global-spacing d-flex align-items-lg-center align-items-md-center align-items-center style-672 style-local-1392-c44 position-relative\">\n    <!---->\n    <!---->\n    <div class=\"h-section-grid-container h-section-boxed-container\">\n      <!---->\n      <div data-colibri-id=\"1392-c45\" class=\"h-row-container gutters-row-lg-2 gutters-row-md-2 gutters-row-0 gutters-row-v-lg-2 gutters-row-v-md-2 gutters-row-v-2 style-673 style-local-1392-c45 position-relative\">\n        <!---->\n        <div class=\"h-row justify-content-lg-center justify-content-md-center justify-content-center align-items-lg-stretch align-items-md-stretch align-items-stretch gutters-col-lg-2 gutters-col-md-2 gutters-col-0 gutters-col-v-lg-2 gutters-col-v-md-2 gutters-col-v-2\">\n          <!---->\n          <div class=\"h-column h-column-container d-flex h-col-lg h-col-md h-col-auto style-674-outer style-local-1392-c46-outer\">\n            <div data-colibri-id=\"1392-c46\" class=\"d-flex h-flex-basis h-column__inner h-px-lg-0 h-px-md-0 h-px-2 v-inner-lg-0 v-inner-md-0 v-inner-2 style-674 style-local-1392-c46 position-relative\">\n              <!---->\n              <!---->\n              <div class=\"w-100 h-y-container h-column__content h-column__v-align flex-basis-100 align-self-lg-center align-self-md-center align-self-center\">\n                <!---->\n                <div data-colibri-id=\"1392-c47\" class=\"h-global-transition-all h-heading style-675 style-local-1392-c47 position-relative h-element\">\n                  <!---->\n                  <div class=\"h-heading__outer style-675 style-local-1392-c47\">\n                    <!---->\n                    <!---->\n                    <h2 class=\"\">Ota minuun yhteytt\u00e4<\/h2>\n                  <\/div>\n                <\/div>\n              <\/div>\n            <\/div>\n          <\/div>\n          <div class=\"h-column h-column-container d-flex h-col-lg-auto h-col-md-auto h-col-auto style-676-outer style-local-1392-c48-outer\">\n            <div data-colibri-id=\"1392-c48\" class=\"d-flex h-flex-basis h-column__inner h-px-lg-0 h-px-md-0 h-px-2 v-inner-lg-0 v-inner-md-0 v-inner-2 style-676 style-local-1392-c48 position-relative\">\n              <!---->\n              <!---->\n              <div class=\"w-100 h-y-container h-column__content h-column__v-align flex-basis-auto align-self-lg-center align-self-md-center align-self-center\">\n                <!---->\n                <div data-colibri-id=\"1392-c49\" class=\"h-x-container style-677 style-local-1392-c49 position-relative h-element\">\n                  <!---->\n                  <div class=\"h-x-container-inner style-dynamic-1392-c49-group style-677-spacing style-local-1392-c49-spacing\"><span class=\"h-button__outer style-678-outer style-local-1392-c50-outer d-inline-flex h-element\"><a h-use-smooth-scroll=\"true\" href=\"mailto:eero@eurohoo.com\"  data-colibri-id=\"1392-c50\" class=\"d-flex w-100 align-items-center h-button justify-content-lg-center justify-content-md-center justify-content-center style-678 style-local-1392-c50 position-relative\"><!----><!----> <span>Pyyd\u00e4 tarjous<\/span><\/a>\n                    <\/span>\n                  <\/div>\n                <\/div>\n              <\/div>\n            <\/div>\n          <\/div>\n        <\/div>\n      <\/div>\n    <\/div>\n  <\/div>\n<\/div>","protected":false},"excerpt":{"rendered":"<p>Hinnasto \u2013 esimerkkirunko Puheenvuorot ja esiintymiset suunnitellaan aina tilaisuuden tarpeen mukaan. Alla ohjeelliset [&hellip;]<\/p>\n","protected":false},"author":1,"featured_media":0,"parent":0,"menu_order":5,"comment_status":"closed","ping_status":"closed","template":"page-templates\/full-width-page.php","meta":{"pagelayer_contact_templates":[],"_pagelayer_content":"","footnotes":""},"class_list":["post-1392","page","type-page","status-publish","hentry"],"_links":{"self":[{"href":"https:\/\/eurohoo.com\/index.php?rest_route=\/wp\/v2\/pages\/1392","targetHints":{"allow":["GET"]}}],"collection":[{"href":"https:\/\/eurohoo.com\/index.php?rest_route=\/wp\/v2\/pages"}],"about":[{"href":"https:\/\/eurohoo.com\/index.php?rest_route=\/wp\/v2\/types\/page"}],"author":[{"embeddable":true,"href":"https:\/\/eurohoo.com\/index.php?rest_route=\/wp\/v2\/users\/1"}],"replies":[{"embeddable":true,"href":"https:\/\/eurohoo.com\/index.php?rest_route=%2Fwp%2Fv2%2Fcomments&post=1392"}],"version-history":[{"count":9,"href":"https:\/\/eurohoo.com\/index.php?rest_route=\/wp\/v2\/pages\/1392\/revisions"}],"predecessor-version":[{"id":1446,"href":"https:\/\/eurohoo.com\/index.php?rest_route=\/wp\/v2\/pages\/1392\/revisions\/1446"}],"wp:attachment":[{"href":"https:\/\/eurohoo.com\/index.php?rest_route=%2Fwp%2Fv2%2Fmedia&parent=1392"}],"curies":[{"name":"wp","href":"https:\/\/api.w.org\/{rel}","templated":true}]}}